{"id":16,"date":"2024-03-28T19:14:57","date_gmt":"2024-03-28T19:14:57","guid":{"rendered":"https:\/\/spponkka.fi\/?page_id=16"},"modified":"2024-04-24T10:20:23","modified_gmt":"2024-04-24T10:20:23","slug":"etusivu","status":"publish","type":"page","link":"https:\/\/spponkka.fi\/","title":{"rendered":""},"content":{"rendered":"\n<ul class=\"wp-block-social-links is-layout-flex wp-block-social-links-is-layout-flex\"><li class=\"wp-social-link wp-social-link-facebook  wp-block-social-link\"><a href=\"https:\/\/www.facebook.com\/profile.php?id=61556998336061\" class=\"wp-block-social-link-anchor\"><svg width=\"24\" height=\"24\" viewBox=\"0 0 24 24\" version=\"1.1\" xmlns=\"http:\/\/www.w3.org\/2000\/svg\" aria-hidden=\"true\" focusable=\"false\"><path d=\"M12 2C6.5 2 2 6.5 2 12c0 5 3.7 9.1 8.4 9.9v-7H7.9V12h2.5V9.8c0-2.5 1.5-3.9 3.8-3.9 1.1 0 2.2.2 2.2.2v2.5h-1.3c-1.2 0-1.6.8-1.6 1.6V12h2.8l-.4 2.9h-2.3v7C18.3 21.1 22 17 22 12c0-5.5-4.5-10-10-10z\"><\/path><\/svg><span class=\"wp-block-social-link-label screen-reader-text\">Facebook<\/span><\/a><\/li>\n\n<li class=\"wp-social-link wp-social-link-instagram  wp-block-social-link\"><a href=\"https:\/\/www.instagram.com\/sahkopalvelutponkka\/\" class=\"wp-block-social-link-anchor\"><svg width=\"24\" height=\"24\" viewBox=\"0 0 24 24\" version=\"1.1\" xmlns=\"http:\/\/www.w3.org\/2000\/svg\" aria-hidden=\"true\" focusable=\"false\"><path d=\"M12,4.622c2.403,0,2.688,0.009,3.637,0.052c0.877,0.04,1.354,0.187,1.671,0.31c0.42,0.163,0.72,0.358,1.035,0.673 c0.315,0.315,0.51,0.615,0.673,1.035c0.123,0.317,0.27,0.794,0.31,1.671c0.043,0.949,0.052,1.234,0.052,3.637 s-0.009,2.688-0.052,3.637c-0.04,0.877-0.187,1.354-0.31,1.671c-0.163,0.42-0.358,0.72-0.673,1.035 c-0.315,0.315-0.615,0.51-1.035,0.673c-0.317,0.123-0.794,0.27-1.671,0.31c-0.949,0.043-1.233,0.052-3.637,0.052 s-2.688-0.009-3.637-0.052c-0.877-0.04-1.354-0.187-1.671-0.31c-0.42-0.163-0.72-0.358-1.035-0.673 c-0.315-0.315-0.51-0.615-0.673-1.035c-0.123-0.317-0.27-0.794-0.31-1.671C4.631,14.688,4.622,14.403,4.622,12 s0.009-2.688,0.052-3.637c0.04-0.877,0.187-1.354,0.31-1.671c0.163-0.42,0.358-0.72,0.673-1.035 c0.315-0.315,0.615-0.51,1.035-0.673c0.317-0.123,0.794-0.27,1.671-0.31C9.312,4.631,9.597,4.622,12,4.622 M12,3 C9.556,3,9.249,3.01,8.289,3.054C7.331,3.098,6.677,3.25,6.105,3.472C5.513,3.702,5.011,4.01,4.511,4.511 c-0.5,0.5-0.808,1.002-1.038,1.594C3.25,6.677,3.098,7.331,3.054,8.289C3.01,9.249,3,9.556,3,12c0,2.444,0.01,2.751,0.054,3.711 c0.044,0.958,0.196,1.612,0.418,2.185c0.23,0.592,0.538,1.094,1.038,1.594c0.5,0.5,1.002,0.808,1.594,1.038 c0.572,0.222,1.227,0.375,2.185,0.418C9.249,20.99,9.556,21,12,21s2.751-0.01,3.711-0.054c0.958-0.044,1.612-0.196,2.185-0.418 c0.592-0.23,1.094-0.538,1.594-1.038c0.5-0.5,0.808-1.002,1.038-1.594c0.222-0.572,0.375-1.227,0.418-2.185 C20.99,14.751,21,14.444,21,12s-0.01-2.751-0.054-3.711c-0.044-0.958-0.196-1.612-0.418-2.185c-0.23-0.592-0.538-1.094-1.038-1.594 c-0.5-0.5-1.002-0.808-1.594-1.038c-0.572-0.222-1.227-0.375-2.185-0.418C14.751,3.01,14.444,3,12,3L12,3z M12,7.378 c-2.552,0-4.622,2.069-4.622,4.622S9.448,16.622,12,16.622s4.622-2.069,4.622-4.622S14.552,7.378,12,7.378z M12,15 c-1.657,0-3-1.343-3-3s1.343-3,3-3s3,1.343,3,3S13.657,15,12,15z M16.804,6.116c-0.596,0-1.08,0.484-1.08,1.08 s0.484,1.08,1.08,1.08c0.596,0,1.08-0.484,1.08-1.08S17.401,6.116,16.804,6.116z\"><\/path><\/svg><span class=\"wp-block-social-link-label screen-reader-text\">Instagram<\/span><\/a><\/li><\/ul>\n\n\n\n<blockquote class=\"wp-block-quote is-layout-flow wp-block-quote-is-layout-flow\">\n<p><\/p>\n<cite>S\u00e4hk\u00f6palvelut P\u00f6nkk\u00e4 palvelee s\u00e4hk\u00f6- ja valaistussuunnittelusta urakointiin ja s\u00e4hk\u00f6laitekorjauksiin. Lohjalla ja l\u00e4hialueilla toimiva yhden miehen yritys myy palvelunsa ilman ylim\u00e4\u00e4r\u00e4isi\u00e4 piilokuluja ja joustavalla aikataululla.<\/cite><\/blockquote>\n\n\n\n<h2 class=\"wp-block-heading\">Palvelumme<\/h2>\n\n\n\n<div class=\"wp-block-columns alignwide is-layout-flex wp-container-core-columns-is-layout-d2da2050 wp-block-columns-is-layout-flex\" style=\"margin-bottom:0\">\n<div class=\"wp-block-column has-text-color has-background has-link-color wp-elements-d465ddf16669cb629ed3dec60a0d5c99 is-layout-flow wp-block-column-is-layout-flow\" style=\"color:#000000;background:linear-gradient(90deg,rgb(45,136,0) 42%,rgb(254,224,0) 61%);padding-top:2em;padding-right:2em;padding-bottom:2em;padding-left:2em\">\n<h2 class=\"wp-block-heading\" id=\"single\" style=\"font-size:23px\">S\u00e4hk\u00f6suunnittelu<\/h2>\n\n\n\n<figure class=\"wp-block-image size-large\"><img fetchpriority=\"high\" decoding=\"async\" width=\"1024\" height=\"682\" src=\"https:\/\/spponkka.fi\/wp-content\/uploads\/2024\/04\/electrics-3536769_1280-1024x682.jpg\" alt=\"\" class=\"wp-image-37\" srcset=\"https:\/\/spponkka.fi\/wp-content\/uploads\/2024\/04\/electrics-3536769_1280-1024x682.jpg 1024w, https:\/\/spponkka.fi\/wp-content\/uploads\/2024\/04\/electrics-3536769_1280-300x200.jpg 300w, https:\/\/spponkka.fi\/wp-content\/uploads\/2024\/04\/electrics-3536769_1280-768x512.jpg 768w, https:\/\/spponkka.fi\/wp-content\/uploads\/2024\/04\/electrics-3536769_1280.jpg 1280w\" sizes=\"(max-width: 1024px) 100vw, 1024px\" \/><\/figure>\n\n\n\n<hr class=\"wp-block-separator has-text-color has-css-opacity has-background is-style-wide\" style=\"background-color:#000000;color:#000000\"\/>\n\n\n\n<p class=\"has-normal-font-size\" style=\"line-height:1.5\">Kodin pienten s\u00e4hk\u00f6t\u00f6iden suunnittelu ja asennus. <\/p>\n\n\n\n<ul class=\"has-normal-font-size wp-block-list\"><\/ul>\n<\/div>\n\n\n\n<div class=\"wp-block-column has-text-color has-background has-link-color wp-elements-b5f95bd8cc69c41637351e0b8dac5ef0 is-layout-flow wp-block-column-is-layout-flow\" style=\"color:#000000;background-color:#662f00;padding-top:2em;padding-right:2em;padding-bottom:2em;padding-left:2em\">\n<h2 class=\"wp-block-heading has-ast-global-color-5-color has-text-color has-link-color wp-elements-f25a9ced6cc81524493b41ffc5dd2e26\" id=\"family\" style=\"font-size:23px\">S\u00e4hk\u00f6urakointi<\/h2>\n\n\n\n<figure class=\"wp-block-image size-large\"><img decoding=\"async\" width=\"1024\" height=\"682\" src=\"https:\/\/spponkka.fi\/wp-content\/uploads\/2024\/04\/electrician-1080554_1280-1024x682.jpg\" alt=\"\" class=\"wp-image-38\" srcset=\"https:\/\/spponkka.fi\/wp-content\/uploads\/2024\/04\/electrician-1080554_1280-1024x682.jpg 1024w, https:\/\/spponkka.fi\/wp-content\/uploads\/2024\/04\/electrician-1080554_1280-300x200.jpg 300w, https:\/\/spponkka.fi\/wp-content\/uploads\/2024\/04\/electrician-1080554_1280-768x511.jpg 768w, https:\/\/spponkka.fi\/wp-content\/uploads\/2024\/04\/electrician-1080554_1280.jpg 1280w\" sizes=\"(max-width: 1024px) 100vw, 1024px\" \/><\/figure>\n\n\n\n<hr class=\"wp-block-separator has-css-opacity is-style-wide\"\/>\n\n\n\n<p class=\"has-ast-global-color-5-color has-text-color has-link-color has-normal-font-size wp-elements-72e87311d8154383a0aee2d46d85b5cc\" style=\"line-height:1.5\">Rikkin\u00e4isten pistorasioiden korjauksesta niiden lis\u00e4\u00e4miseen ja suuremman urakoinnin suunnitteluun ja tekemiseen.<\/p>\n<\/div>\n\n\n\n<div class=\"wp-block-column has-ast-global-color-0-background-color has-text-color has-background has-link-color wp-elements-d16f7a1e3419ef11a90810c2b783f7f1 is-layout-flow wp-block-column-is-layout-flow\" style=\"color:#000000;padding-top:2em;padding-right:2em;padding-bottom:2em;padding-left:2em\">\n<h2 class=\"wp-block-heading\" id=\"patron\" style=\"font-size:23px\">Valaistussuunnittelu<\/h2>\n\n\n\n<figure class=\"wp-block-image size-large\"><img decoding=\"async\" width=\"1024\" height=\"682\" src=\"https:\/\/spponkka.fi\/wp-content\/uploads\/2024\/04\/light-bulbs-1603766_1280-1024x682.jpg\" alt=\"\" class=\"wp-image-39\" srcset=\"https:\/\/spponkka.fi\/wp-content\/uploads\/2024\/04\/light-bulbs-1603766_1280-1024x682.jpg 1024w, https:\/\/spponkka.fi\/wp-content\/uploads\/2024\/04\/light-bulbs-1603766_1280-300x200.jpg 300w, https:\/\/spponkka.fi\/wp-content\/uploads\/2024\/04\/light-bulbs-1603766_1280-768x512.jpg 768w, https:\/\/spponkka.fi\/wp-content\/uploads\/2024\/04\/light-bulbs-1603766_1280.jpg 1280w\" sizes=\"(max-width: 1024px) 100vw, 1024px\" \/><\/figure>\n\n\n\n<hr class=\"wp-block-separator has-css-opacity is-style-wide\"\/>\n\n\n\n<p class=\"has-normal-font-size\">Valaistussuunnitelmat ja toteutus niiden pohjalta.<\/p>\n<\/div>\n\n\n\n<div class=\"wp-block-column has-black-background-color has-text-color has-background has-link-color wp-elements-3336a5e2bffa4edf6cc67b458e1cc3a7 is-layout-flow wp-block-column-is-layout-flow\" style=\"color:#000000;padding-top:2em;padding-right:2em;padding-bottom:2em;padding-left:2em\">\n<h2 class=\"wp-block-heading has-ast-global-color-5-color has-text-color has-link-color wp-elements-7839394b85be912e99dcb79854ce3f00\" id=\"patron\" style=\"font-size:23px\"><strong>S\u00e4hk\u00f6laitehuolto &amp; Korjaus<\/strong><\/h2>\n\n\n\n<figure class=\"wp-block-image size-large\"><img loading=\"lazy\" decoding=\"async\" width=\"1024\" height=\"682\" src=\"https:\/\/spponkka.fi\/wp-content\/uploads\/2024\/04\/tool-3962800_1280-1024x682.jpg\" alt=\"\" class=\"wp-image-40\" srcset=\"https:\/\/spponkka.fi\/wp-content\/uploads\/2024\/04\/tool-3962800_1280-1024x682.jpg 1024w, https:\/\/spponkka.fi\/wp-content\/uploads\/2024\/04\/tool-3962800_1280-300x200.jpg 300w, https:\/\/spponkka.fi\/wp-content\/uploads\/2024\/04\/tool-3962800_1280-768x512.jpg 768w, https:\/\/spponkka.fi\/wp-content\/uploads\/2024\/04\/tool-3962800_1280.jpg 1280w\" sizes=\"(max-width: 1024px) 100vw, 1024px\" \/><\/figure>\n\n\n\n<hr class=\"wp-block-separator has-css-opacity is-style-wide\"\/>\n\n\n\n<p class=\"has-ast-global-color-5-color has-text-color has-link-color has-normal-font-size wp-elements-638087d2fe6470a166ab100de0cf3df8\">S\u00e4hk\u00f6laitteiden ja -laitteistojen vianhaku, korjaus ja huolto<\/p>\n<\/div>\n<\/div>\n\n\n\n<h2 class=\"wp-block-heading\">Niko P\u00f6nkk\u00e4<\/h2>\n\n\n\n<div class=\"wp-block-columns is-layout-flex wp-container-core-columns-is-layout-28f84493 wp-block-columns-is-layout-flex\">\n<div class=\"wp-block-column is-layout-flow wp-block-column-is-layout-flow\" style=\"flex-basis:33.33%\">\n<figure class=\"wp-block-image size-full is-resized\"><img loading=\"lazy\" decoding=\"async\" width=\"2049\" height=\"2560\" src=\"https:\/\/spponkka.fi\/wp-content\/uploads\/2024\/04\/niko-scaled.jpg\" alt=\"\" class=\"wp-image-50\" style=\"width:232px;height:auto\" srcset=\"https:\/\/spponkka.fi\/wp-content\/uploads\/2024\/04\/niko-scaled.jpg 2049w, https:\/\/spponkka.fi\/wp-content\/uploads\/2024\/04\/niko-240x300.jpg 240w, https:\/\/spponkka.fi\/wp-content\/uploads\/2024\/04\/niko-820x1024.jpg 820w, https:\/\/spponkka.fi\/wp-content\/uploads\/2024\/04\/niko-768x959.jpg 768w, https:\/\/spponkka.fi\/wp-content\/uploads\/2024\/04\/niko-1230x1536.jpg 1230w, https:\/\/spponkka.fi\/wp-content\/uploads\/2024\/04\/niko-1640x2048.jpg 1640w\" sizes=\"(max-width: 2049px) 100vw, 2049px\" \/><\/figure>\n<\/div>\n\n\n\n<div class=\"wp-block-column is-layout-flow wp-block-column-is-layout-flow\" style=\"flex-basis:66.66%\">\n<ul class=\"wp-block-list\">\n<li>S2 luvanvaraiset ty\u00f6t 2021 alkaen<\/li>\n\n\n\n<li>S\u00e4hk\u00f6voimatekniikan insin\u00f6\u00f6ri 2023<\/li>\n\n\n\n<li>L\u00f6ydyn my\u00f6s Tukesin <a href=\"https:\/\/rekisterit.tukes.fi\/toiminnanharjoittajat?p=0&amp;q=2960493-2&amp;qp=\">toiminnanharjoittajarekisterist\u00e4<\/a><\/li>\n<\/ul>\n<\/div>\n<\/div>\n\n\n\n<h2 class=\"wp-block-heading\">Yhteystiedot<\/h2>\n\n\n\n<p>Kysy rohkeasti tarjousta s\u00e4hk\u00f6postilla!<\/p>\n\n\n\n<p>Y-tunnus&nbsp;2960493-2<\/p>\n\n\n\n<p><strong>niko@spponkka.fi<\/strong><\/p>\n\n\n\n<p>puh. 050 313 8515<\/p>\n","protected":false},"excerpt":{"rendered":"<p>S\u00e4hk\u00f6palvelut P\u00f6nkk\u00e4 palvelee s\u00e4hk\u00f6- ja valaistussuunnittelusta urakointiin ja s\u00e4hk\u00f6laitekorjauksiin. Lohjalla ja l\u00e4hialueilla toimiva yhden miehen yritys myy palvelunsa ilman ylim\u00e4\u00e4r\u00e4isi\u00e4 [&hellip;]<\/p>\n","protected":false},"author":1,"featured_media":0,"parent":0,"menu_order":0,"comment_status":"closed","ping_status":"closed","template":"","meta":{"site-sidebar-layout":"default","site-content-layout":"","ast-site-content-layout":"","site-content-style":"default","site-sidebar-style":"default","ast-global-header-display":"","ast-banner-title-visibility":"","ast-main-header-display":"","ast-hfb-above-header-display":"","ast-hfb-below-header-display":"","ast-hfb-mobile-header-display":"","site-post-title":"","ast-breadcrumbs-content":"","ast-featured-img":"","footer-sml-layout":"","theme-transparent-header-meta":"","adv-header-id-meta":"","stick-header-meta":"","header-above-stick-meta":"","header-main-stick-meta":"","header-below-stick-meta":"","astra-migrate-meta-layouts":"default","ast-page-background-enabled":"default","ast-page-background-meta":{"desktop":{"background-color":"var(--ast-global-color-4)","background-image":"","background-repeat":"repeat","background-position":"center center","background-size":"auto","background-attachment":"scroll","background-type":"","background-media":"","overlay-type":"","overlay-color":"","overlay-gradient":""},"tablet":{"background-color":"","background-image":"","background-repeat":"repeat","background-position":"center center","background-size":"auto","background-attachment":"scroll","background-type":"","background-media":"","overlay-type":"","overlay-color":"","overlay-gradient":""},"mobile":{"background-color":"","background-image":"","background-repeat":"repeat","background-position":"center center","background-size":"auto","background-attachment":"scroll","background-type":"","background-media":"","overlay-type":"","overlay-color":"","overlay-gradient":""}},"ast-content-background-meta":{"desktop":{"background-color":"var(--ast-global-color-5)","background-image":"","background-repeat":"repeat","background-position":"center center","background-size":"auto","background-attachment":"scroll","background-type":"","background-media":"","overlay-type":"","overlay-color":"","overlay-gradient":""},"tablet":{"background-color":"var(--ast-global-color-5)","background-image":"","background-repeat":"repeat","background-position":"center center","background-size":"auto","background-attachment":"scroll","background-type":"","background-media":"","overlay-type":"","overlay-color":"","overlay-gradient":""},"mobile":{"background-color":"var(--ast-global-color-5)","background-image":"","background-repeat":"repeat","background-position":"center center","background-size":"auto","background-attachment":"scroll","background-type":"","background-media":"","overlay-type":"","overlay-color":"","overlay-gradient":""}},"footnotes":""},"class_list":["post-16","page","type-page","status-publish","hentry"],"yoast_head":"<!-- This site is optimized with the Yoast SEO plugin v27.5 - https:\/\/yoast.com\/product\/yoast-seo-wordpress\/ -->\n<title>- S\u00e4hk\u00f6palvelut P\u00f6nkk\u00e4<\/title>\n<meta name=\"description\" content=\"S\u00e4hk\u00f6palvelut P\u00f6nkk\u00e4 palvelee s\u00e4hk\u00f6- ja valaistussuunnittelusta urakointiin ja s\u00e4hk\u00f6laitekorjauksiin Lohjalla ja l\u00e4hialueilla.\" \/>\n<meta name=\"robots\" content=\"noindex, follow, max-snippet:-1, max-image-preview:large, max-video-preview:-1\" \/>\n<meta property=\"og:locale\" content=\"fi_FI\" \/>\n<meta property=\"og:type\" content=\"article\" \/>\n<meta property=\"og:title\" content=\"- S\u00e4hk\u00f6palvelut P\u00f6nkk\u00e4\" \/>\n<meta property=\"og:description\" content=\"S\u00e4hk\u00f6palvelut P\u00f6nkk\u00e4 palvelee s\u00e4hk\u00f6- ja valaistussuunnittelusta urakointiin ja s\u00e4hk\u00f6laitekorjauksiin Lohjalla ja l\u00e4hialueilla.\" \/>\n<meta property=\"og:url\" content=\"https:\/\/spponkka.fi\/\" \/>\n<meta property=\"og:site_name\" content=\"S\u00e4hk\u00f6palvelut P\u00f6nkk\u00e4\" \/>\n<meta property=\"article:modified_time\" content=\"2024-04-24T10:20:23+00:00\" \/>\n<meta property=\"og:image\" content=\"https:\/\/spponkka.fi\/wp-content\/uploads\/2024\/04\/electrics-3536769_1280-1024x682.jpg\" \/>\n<meta name=\"twitter:card\" content=\"summary_large_image\" \/>\n<meta name=\"twitter:label1\" content=\"Arvioitu lukuaika\" \/>\n\t<meta name=\"twitter:data1\" content=\"2 minuuttia\" \/>\n<script type=\"application\/ld+json\" class=\"yoast-schema-graph\">{\"@context\":\"https:\\\/\\\/schema.org\",\"@graph\":[{\"@type\":\"WebPage\",\"@id\":\"https:\\\/\\\/spponkka.fi\\\/\",\"url\":\"https:\\\/\\\/spponkka.fi\\\/\",\"name\":\"- S\u00e4hk\u00f6palvelut P\u00f6nkk\u00e4\",\"isPartOf\":{\"@id\":\"https:\\\/\\\/spponkka.fi\\\/#website\"},\"primaryImageOfPage\":{\"@id\":\"https:\\\/\\\/spponkka.fi\\\/#primaryimage\"},\"image\":{\"@id\":\"https:\\\/\\\/spponkka.fi\\\/#primaryimage\"},\"thumbnailUrl\":\"https:\\\/\\\/spponkka.fi\\\/wp-content\\\/uploads\\\/2024\\\/04\\\/electrics-3536769_1280-1024x682.jpg\",\"datePublished\":\"2024-03-28T19:14:57+00:00\",\"dateModified\":\"2024-04-24T10:20:23+00:00\",\"description\":\"S\u00e4hk\u00f6palvelut P\u00f6nkk\u00e4 palvelee s\u00e4hk\u00f6- ja valaistussuunnittelusta urakointiin ja s\u00e4hk\u00f6laitekorjauksiin Lohjalla ja l\u00e4hialueilla.\",\"inLanguage\":\"fi\",\"potentialAction\":[{\"@type\":\"ReadAction\",\"target\":[\"https:\\\/\\\/spponkka.fi\\\/\"]}]},{\"@type\":\"ImageObject\",\"inLanguage\":\"fi\",\"@id\":\"https:\\\/\\\/spponkka.fi\\\/#primaryimage\",\"url\":\"https:\\\/\\\/spponkka.fi\\\/wp-content\\\/uploads\\\/2024\\\/04\\\/electrics-3536769_1280.jpg\",\"contentUrl\":\"https:\\\/\\\/spponkka.fi\\\/wp-content\\\/uploads\\\/2024\\\/04\\\/electrics-3536769_1280.jpg\",\"width\":1280,\"height\":853},{\"@type\":\"WebSite\",\"@id\":\"https:\\\/\\\/spponkka.fi\\\/#website\",\"url\":\"https:\\\/\\\/spponkka.fi\\\/\",\"name\":\"S\u00e4hk\u00f6palvelut P\u00f6nkk\u00e4\",\"description\":\"\",\"publisher\":{\"@id\":\"https:\\\/\\\/spponkka.fi\\\/#organization\"},\"potentialAction\":[{\"@type\":\"SearchAction\",\"target\":{\"@type\":\"EntryPoint\",\"urlTemplate\":\"https:\\\/\\\/spponkka.fi\\\/?s={search_term_string}\"},\"query-input\":{\"@type\":\"PropertyValueSpecification\",\"valueRequired\":true,\"valueName\":\"search_term_string\"}}],\"inLanguage\":\"fi\"},{\"@type\":\"Organization\",\"@id\":\"https:\\\/\\\/spponkka.fi\\\/#organization\",\"name\":\"S\u00e4hk\u00f6palvelut P\u00f6nkk\u00e4\",\"url\":\"https:\\\/\\\/spponkka.fi\\\/\",\"logo\":{\"@type\":\"ImageObject\",\"inLanguage\":\"fi\",\"@id\":\"https:\\\/\\\/spponkka.fi\\\/#\\\/schema\\\/logo\\\/image\\\/\",\"url\":\"https:\\\/\\\/spponkka.fi\\\/wp-content\\\/uploads\\\/2024\\\/03\\\/cropped-1000011175.png\",\"contentUrl\":\"https:\\\/\\\/spponkka.fi\\\/wp-content\\\/uploads\\\/2024\\\/03\\\/cropped-1000011175.png\",\"width\":287,\"height\":277,\"caption\":\"S\u00e4hk\u00f6palvelut P\u00f6nkk\u00e4\"},\"image\":{\"@id\":\"https:\\\/\\\/spponkka.fi\\\/#\\\/schema\\\/logo\\\/image\\\/\"}}]}<\/script>\n<!-- \/ Yoast SEO plugin. -->","yoast_head_json":{"title":"- S\u00e4hk\u00f6palvelut P\u00f6nkk\u00e4","description":"S\u00e4hk\u00f6palvelut P\u00f6nkk\u00e4 palvelee s\u00e4hk\u00f6- ja valaistussuunnittelusta urakointiin ja s\u00e4hk\u00f6laitekorjauksiin Lohjalla ja l\u00e4hialueilla.","robots":{"index":"noindex","follow":"follow","max-snippet":"max-snippet:-1","max-image-preview":"max-image-preview:large","max-video-preview":"max-video-preview:-1"},"og_locale":"fi_FI","og_type":"article","og_title":"- S\u00e4hk\u00f6palvelut P\u00f6nkk\u00e4","og_description":"S\u00e4hk\u00f6palvelut P\u00f6nkk\u00e4 palvelee s\u00e4hk\u00f6- ja valaistussuunnittelusta urakointiin ja s\u00e4hk\u00f6laitekorjauksiin Lohjalla ja l\u00e4hialueilla.","og_url":"https:\/\/spponkka.fi\/","og_site_name":"S\u00e4hk\u00f6palvelut P\u00f6nkk\u00e4","article_modified_time":"2024-04-24T10:20:23+00:00","og_image":[{"url":"https:\/\/spponkka.fi\/wp-content\/uploads\/2024\/04\/electrics-3536769_1280-1024x682.jpg","type":"","width":"","height":""}],"twitter_card":"summary_large_image","twitter_misc":{"Arvioitu lukuaika":"2 minuuttia"},"schema":{"@context":"https:\/\/schema.org","@graph":[{"@type":"WebPage","@id":"https:\/\/spponkka.fi\/","url":"https:\/\/spponkka.fi\/","name":"- S\u00e4hk\u00f6palvelut P\u00f6nkk\u00e4","isPartOf":{"@id":"https:\/\/spponkka.fi\/#website"},"primaryImageOfPage":{"@id":"https:\/\/spponkka.fi\/#primaryimage"},"image":{"@id":"https:\/\/spponkka.fi\/#primaryimage"},"thumbnailUrl":"https:\/\/spponkka.fi\/wp-content\/uploads\/2024\/04\/electrics-3536769_1280-1024x682.jpg","datePublished":"2024-03-28T19:14:57+00:00","dateModified":"2024-04-24T10:20:23+00:00","description":"S\u00e4hk\u00f6palvelut P\u00f6nkk\u00e4 palvelee s\u00e4hk\u00f6- ja valaistussuunnittelusta urakointiin ja s\u00e4hk\u00f6laitekorjauksiin Lohjalla ja l\u00e4hialueilla.","inLanguage":"fi","potentialAction":[{"@type":"ReadAction","target":["https:\/\/spponkka.fi\/"]}]},{"@type":"ImageObject","inLanguage":"fi","@id":"https:\/\/spponkka.fi\/#primaryimage","url":"https:\/\/spponkka.fi\/wp-content\/uploads\/2024\/04\/electrics-3536769_1280.jpg","contentUrl":"https:\/\/spponkka.fi\/wp-content\/uploads\/2024\/04\/electrics-3536769_1280.jpg","width":1280,"height":853},{"@type":"WebSite","@id":"https:\/\/spponkka.fi\/#website","url":"https:\/\/spponkka.fi\/","name":"S\u00e4hk\u00f6palvelut P\u00f6nkk\u00e4","description":"","publisher":{"@id":"https:\/\/spponkka.fi\/#organization"},"potentialAction":[{"@type":"SearchAction","target":{"@type":"EntryPoint","urlTemplate":"https:\/\/spponkka.fi\/?s={search_term_string}"},"query-input":{"@type":"PropertyValueSpecification","valueRequired":true,"valueName":"search_term_string"}}],"inLanguage":"fi"},{"@type":"Organization","@id":"https:\/\/spponkka.fi\/#organization","name":"S\u00e4hk\u00f6palvelut P\u00f6nkk\u00e4","url":"https:\/\/spponkka.fi\/","logo":{"@type":"ImageObject","inLanguage":"fi","@id":"https:\/\/spponkka.fi\/#\/schema\/logo\/image\/","url":"https:\/\/spponkka.fi\/wp-content\/uploads\/2024\/03\/cropped-1000011175.png","contentUrl":"https:\/\/spponkka.fi\/wp-content\/uploads\/2024\/03\/cropped-1000011175.png","width":287,"height":277,"caption":"S\u00e4hk\u00f6palvelut P\u00f6nkk\u00e4"},"image":{"@id":"https:\/\/spponkka.fi\/#\/schema\/logo\/image\/"}}]}},"_links":{"self":[{"href":"https:\/\/spponkka.fi\/index.php\/wp-json\/wp\/v2\/pages\/16","targetHints":{"allow":["GET"]}}],"collection":[{"href":"https:\/\/spponkka.fi\/index.php\/wp-json\/wp\/v2\/pages"}],"about":[{"href":"https:\/\/spponkka.fi\/index.php\/wp-json\/wp\/v2\/types\/page"}],"author":[{"embeddable":true,"href":"https:\/\/spponkka.fi\/index.php\/wp-json\/wp\/v2\/users\/1"}],"replies":[{"embeddable":true,"href":"https:\/\/spponkka.fi\/index.php\/wp-json\/wp\/v2\/comments?post=16"}],"version-history":[{"count":15,"href":"https:\/\/spponkka.fi\/index.php\/wp-json\/wp\/v2\/pages\/16\/revisions"}],"predecessor-version":[{"id":56,"href":"https:\/\/spponkka.fi\/index.php\/wp-json\/wp\/v2\/pages\/16\/revisions\/56"}],"wp:attachment":[{"href":"https:\/\/spponkka.fi\/index.php\/wp-json\/wp\/v2\/media?parent=16"}],"curies":[{"name":"wp","href":"https:\/\/api.w.org\/{rel}","templated":true}]}}